{"id":8,"date":"2020-11-12T17:21:49","date_gmt":"2020-11-12T17:21:49","guid":{"rendered":"https:\/\/katrine.lilleore.dk\/?page_id=8"},"modified":"2020-11-21T21:22:51","modified_gmt":"2020-11-21T21:22:51","slug":"mindeord-fra-kd-om-katrine","status":"publish","type":"page","link":"https:\/\/katrine.lilleore.dk\/?page_id=8","title":{"rendered":"Mindeord"},"content":{"rendered":"\n<h2 class=\"wp-block-heading\">Det sidste, han h\u00f8rte hende sige, var: Jeg elsker dig<\/h2>\n\n\n\n<p>Nekrolog i <a href=\"https:\/\/k.dk\/s\/IlBj\" data-type=\"URL\" data-id=\"https:\/\/k.dk\/s\/IlBj\">Kristelig Dagblad<\/a>, 23. oktober 2020, kl. 0:00, opdateret 26. oktober, kl. 8:24 Af&nbsp;<a href=\"https:\/\/www.kristeligt-dagblad.dk\/bruger\/563\">Else Marie Nygaard<\/a><\/p>\n\n\n\n<p><em>Et ophold i Israel blev et vendepunkt for Katrine Lille\u00f8re Holm. Her m\u00f8dte hun Martin Holm, som hun siden blev gift med. De delte troen og en vilje til at f\u00e5 hinanden til at blomstre. Hun blev 23 \u00e5r<\/em><\/p>\n\n\n\n<figure class=\"wp-block-image size-large is-style-default\"><img loading=\"lazy\" decoding=\"async\" width=\"1024\" height=\"573\" src=\"https:\/\/katrine.lilleore.dk\/wp-content\/uploads\/2020\/11\/20201022093030_0-1024x573.jpg\" alt=\"\" class=\"wp-image-46\" srcset=\"https:\/\/katrine.lilleore.dk\/wp-content\/uploads\/2020\/11\/20201022093030_0-1024x573.jpg 1024w, https:\/\/katrine.lilleore.dk\/wp-content\/uploads\/2020\/11\/20201022093030_0-300x168.jpg 300w, https:\/\/katrine.lilleore.dk\/wp-content\/uploads\/2020\/11\/20201022093030_0-768x430.jpg 768w, https:\/\/katrine.lilleore.dk\/wp-content\/uploads\/2020\/11\/20201022093030_0-1536x859.jpg 1536w, https:\/\/katrine.lilleore.dk\/wp-content\/uploads\/2020\/11\/20201022093030_0-1568x877.jpg 1568w, https:\/\/katrine.lilleore.dk\/wp-content\/uploads\/2020\/11\/20201022093030_0.jpg 1888w\" sizes=\"auto, (max-width: 1024px) 100vw, 1024px\" \/><\/figure>\n\n\n\n<p>Det er torsdag eftermiddag, og p\u00e5 Menighedsfakultetet i Aarhus beder professor Peter Legarth teologistuderende Katrine Lille\u00f8re Holm om at overs\u00e6tte et stykke fra gr\u00e6sk til dansk. Teksten er fra Johannesevangeliet. Klassen arbejder med passagen, hvor Jesus kalder p\u00e5 den d\u00f8de Lazarus og beder ham komme ud af graven. Katrine Lille\u00f8re Holm er en engageret og afholdt studerende. Nu sidder hun p\u00e5 sin faste plads p\u00e5 forreste r\u00e6kke til venstre og overs\u00e6tter fra gr\u00e6sk til dansk i et gevaldigt tempo, og den gamle professor har sv\u00e6rt ved at f\u00f8lge med.<\/p>\n\n\n\n<p>I klassen taler de om, hvordan d\u00f8den ikke er det sidste, som skal siges om et menneske, og for at understrege temaet afslutter de lektionen med at h\u00f8re Johnny Cash synge \u201dThere ain\u2019t no grave can hold my body down\u201d. N\u00e6ste gang professor Peter Legarth kommer ind for at undervise klassen, er Katrine Lille\u00f8re Holms plads tom. Han stiller et lys i en stage p\u00e5 pladsen. Han er ved at opgive at t\u00e6nde lyset, for hans h\u00e6nder ryster, og alle i klassen er rystede. Katrine Lille\u00f8re Holms jordiske liv fik en ende i et splitsekund, da hun blev ramt af en bil i en fodg\u00e6ngerovergang 200 meter fra sit hjem i Aarhus.<\/p>\n\n\n\n<p>Katrine Lille\u00f8re Holm voksede op i en kernefamilie p\u00e5 Ansgarsvej i Fredericia som den yngste af tre s\u00f8stre. Det var hverdage med skole, klaverspil, gymnastik og ridning, l\u00f8rdage med tid til rundstykker og s\u00f8ndage med kirkegang. De fulgtes alle fem til den lokale Sct. Michaelis Kirke, og s\u00e5 l\u00e6nge der var rosiner, kunne ogs\u00e5 den yngste forholde sig i ro under pr\u00e6dikenen. Da de \u00e6ldre s\u00f8stre flyttede hjemmefra, blev Katrine Lille\u00f8re Holm ved med at komme i Sct. Michaelis Kirke, og i gymnasietiden p\u00e5tog hun sig flere frivillige opgaver i kirken.<\/p>\n\n\n\n<p>Manglede der en pianist til en plejehjemsgudstjeneste, vidste sognepr\u00e6st Kristoffer Simonsen, at han kunne sp\u00f8rge hende. Pr\u00e6sten bem\u00e6rkede, at hun var god til at lytte. N\u00e5r hun s\u00e5 p\u00e5 \u00e9n med sine bl\u00e5gr\u00e5 \u00f8jne, vidste man, at man havde hendes fokus. Sognepr\u00e6sten m\u00e6rkede hendes \u00f8nske om at g\u00f8re tro til liv i samtaler med andre unge og sagde til hende, at hun var et teologisk talent med sit \u00f8nske om at forene teologi og hjerte. Nok var hun ung, men hun havde k\u00e6mpet indre kampe og vidste, hvad det bet\u00f8d at klynge sig til Gud.<\/p>\n\n\n\n<p>I 2018 rejste hun til Israel . I tre m\u00e5neder skulle hun bo i Det Danske Hus i Poriya ved Genesaret S\u00f8 og fordybe sig i Bibelen. Opholdet blev et vendepunkt for hende, for her m\u00f8dte hun Martin Holm og erfarede en dybf\u00f8lt ro i sit sind og omfavnelser, som gjorde hende st\u00e6rkere. De delte troen og talte om, at de ville arbejde p\u00e5 at f\u00e5 hinanden til at blomstre.<\/p>\n\n\n\n<p>Godt halvandet \u00e5r efter deres f\u00f8rste m\u00f8de i Israel, blev de viet i Sct. Michaelis Kirke. Kendte man hende, ville man ikke v\u00e6re overrasket over, at hun selv havde lavet bordkortene, invitationerne og bundet sin brudebuket. Kreativitet var en af hendes gaver.<\/p>\n\n\n\n<p><\/p>\n\n\n\n<p>Selvom de tre s\u00f8stre var flyttet fra Fredericia, blev barndomshjemmet p\u00e5 Ansgarsvej ved med at v\u00e6re et samlingspunkt, og de blev ved med at holde familieferie. P\u00e5 skiferierne i Alperne var hun familiens styrtl\u00f8ber sammen med sin far.<\/p>\n\n\n\n<p>De tre s\u00f8stre var ogs\u00e5 veninder med den dybde, det giver at v\u00e6re livsvidner. N\u00e5r de to \u00e6ldste s\u00e5 p\u00e5 deres lilles\u00f8ster, gl\u00e6dede de sig over, hvordan hun trivedes i \u00e6gteskabet og med studiet p\u00e5 Menighedsfakultetet. Hun var 23 \u00e5r og den mest blomstrende udgave af sig selv.<\/p>\n\n\n\n<p>Katrine Lille\u00f8re Holm holdt af sin hverdag. Hun trakterede venner og familie med hjemmebagte kanelsnurrer og jordb\u00e6rt\u00e6rte, fortalte om vandreture og teltovernatning med \u00e6gtef\u00e6llen, og hvordan hun havde fundet gl\u00e6den ved at l\u00f8be. Hun holdt is\u00e6r af fornemmelsen i kroppen efter en l\u00f8betur.<\/p>\n\n\n\n<p>Tirsdag den 6. oktober sn\u00f8rede hun l\u00f8beskoene ud p\u00e5 eftermiddagen. Martin Lille\u00f8re Holm var lige kommet hjem fra studiet og traf sin hustru uden for deres lejlighed i Hasle. Det var 987 dage siden, de havde m\u00f8dt hinanden f\u00f8rste gang. Han h\u00f8rte hende sige: \u201dJeg elsker dig,\u201d inden han s\u00e5 hende forsvinde bag h\u00e6kken.<\/p>\n\n\n\n<h2 class=\"wp-block-heading\">Katrine Lille\u00f8re Holm<\/h2>\n\n\n\n<ul class=\"wp-block-list\"><li>F\u00f8dt den 28. januar 1997 i Fredericia.<\/li><li>D\u00f8d den 6. oktober 2020 i Aarhus og begravet ved Sct. Michaelis Kirke.<\/li><li>Gik p\u00e5 Sankt Knuds Skole i Fredericia og blev student fra Fredericia Gymnasium.<\/li><li>Begyndte i september 2019 p\u00e5 en bachelor i teologi og mission p\u00e5 Menighedsfakultet i Aarhus.<\/li><li>Blev i oktober 2019 gift med studerende Martin Lille\u00f8re Holm.<\/li><\/ul>\n\n\n\n<p><a href=\"https:\/\/katrine.lilleore.dk\/wp-content\/uploads\/2020\/11\/Det-sidste-han-hoerte-hende-sige-var_-Jeg-elsker-dig-Kristeligt-Dagblad.pdf\" data-type=\"URL\" data-id=\"https:\/\/katrine.lilleore.dk\/wp-content\/uploads\/2020\/11\/Det-sidste-han-hoerte-hende-sige-var_-Jeg-elsker-dig-Kristeligt-Dagblad.pdf\">Download nekrologen <\/a><\/p>\n","protected":false},"excerpt":{"rendered":"<p>Det sidste, han h\u00f8rte hende sige, var: Jeg elsker dig Nekrolog i Kristelig Dagblad, 23. oktober 2020, kl. 0:00, opdateret 26. oktober, kl. 8:24 Af&nbsp;Else Marie Nygaard Et ophold i Israel blev et vendepunkt for Katrine Lille\u00f8re Holm. Her m\u00f8dte hun Martin Holm, som hun siden blev gift med. De delte troen og en vilje<a class=\"more-link\" href=\"https:\/\/katrine.lilleore.dk\/?page_id=8\">Continue reading <span class=\"screen-reader-text\">&#8220;Mindeord&#8221;<\/span><\/a><\/p>\n","protected":false},"author":1,"featured_media":46,"parent":0,"menu_order":0,"comment_status":"closed","ping_status":"closed","template":"","meta":{"footnotes":""},"class_list":["post-8","page","type-page","status-publish","has-post-thumbnail","hentry","entry"],"_links":{"self":[{"href":"https:\/\/katrine.lilleore.dk\/index.php?rest_route=\/wp\/v2\/pages\/8","targetHints":{"allow":["GET"]}}],"collection":[{"href":"https:\/\/katrine.lilleore.dk\/index.php?rest_route=\/wp\/v2\/pages"}],"about":[{"href":"https:\/\/katrine.lilleore.dk\/index.php?rest_route=\/wp\/v2\/types\/page"}],"author":[{"embeddable":true,"href":"https:\/\/katrine.lilleore.dk\/index.php?rest_route=\/wp\/v2\/users\/1"}],"replies":[{"embeddable":true,"href":"https:\/\/katrine.lilleore.dk\/index.php?rest_route=%2Fwp%2Fv2%2Fcomments&post=8"}],"version-history":[{"count":5,"href":"https:\/\/katrine.lilleore.dk\/index.php?rest_route=\/wp\/v2\/pages\/8\/revisions"}],"predecessor-version":[{"id":98,"href":"https:\/\/katrine.lilleore.dk\/index.php?rest_route=\/wp\/v2\/pages\/8\/revisions\/98"}],"wp:featuredmedia":[{"embeddable":true,"href":"https:\/\/katrine.lilleore.dk\/index.php?rest_route=\/wp\/v2\/media\/46"}],"wp:attachment":[{"href":"https:\/\/katrine.lilleore.dk\/index.php?rest_route=%2Fwp%2Fv2%2Fmedia&parent=8"}],"curies":[{"name":"wp","href":"https:\/\/api.w.org\/{rel}","templated":true}]}}